{"id":22096,"date":"2017-01-27T11:32:59","date_gmt":"2017-01-27T10:32:59","guid":{"rendered":"https:\/\/www.blue-aqua-sports.de\/?product=funkita-supersonic-sportbikini"},"modified":"2023-03-26T16:00:02","modified_gmt":"2023-03-26T15:00:02","slug":"funkita-supersonic-sportbikini","status":"publish","type":"product","link":"https:\/\/www.blue-aqua-sports.de\/?product=funkita-supersonic-sportbikini","title":{"rendered":"Funkita\u00ae Supersonic Sportbikini"},"content":{"rendered":"<div class=\"wrapper\"><div  class=\"column-section clearfix spaced-normal  col-align-top no-anim\"><div  class=\"column one-full last-col  col1 no-anim\" >\n<div class=\"accordion\">\t<div class=\"toggle-item\">\n\t\t\t\t<div class=\"toggle-title toggle-active\">\n\t\t\t\t\t<h6 class=\"toggle-name\">Merkmale<\/h6>\n\t\t\t\t\t<span class=\"plus\">\n\t\t\t\t\t\t<svg xmlns=\"http:\/\/www.w3.org\/2000\/svg\" viewBox=\"0 0 8.8 8.9\">\n\t\t\t\t\t\t<path d=\"M8.3,3.8H5.2V0.7C5.2,0.3,4.8,0,4.5,0h0C4.1,0,3.8,0.3,3.8,0.7v3.1H0.7C0.3,3.8,0,4.1,0,4.5v0\n\t\t\t\t\t\t\tc0,0.4,0.3,0.7,0.7,0.7h3.1v3.1c0,0.4,0.3,0.7,0.7,0.7h0c0.4,0,0.7-0.3,0.7-0.7V5.2h3.1c0.4,0,0.7-0.3,0.7-0.7v0\n\t\t\t\t\t\t\tC8.9,4.1,8.6,3.8,8.3,3.8z\"\/>\n\t\t\t\t\t\t<\/svg>\n\t\t\t\t\t<\/span>\n\t\t\t\t\t<span class=\"minus\">\n\t\t\t\t\t\t<svg xmlns=\"http:\/\/www.w3.org\/2000\/svg\" viewBox=\"0 0 8.9 9\">\n\t\t\t\t\t\t<path d=\"M8.3,5.2H0.7C0.3,5.2,0,4.8,0,4.5l0,0c0-0.4,0.3-0.7,0.7-0.7h7.6c0.4,0,0.7,0.3,0.7,0.7v0 C8.9,4.8,8.6,5.2,8.3,5.2z\"\/>\n\t\t\t\t\t\t<\/svg>\n\t\t\t\t\t<\/span>\n\t\t\t\t<\/div>\n\t\t\t\t<div class=\"toggle-inner\">Das elastische Unterbrustband und die doppelt gen\u00e4hten Tr\u00e4ger garantieren genau den Halt, den \u201efrau\u201c sich f\u00fcr ein Bikinitop w\u00fcnscht, wenn nicht nur Sonnenbaden angesagt ist. Komplettiert wird das Set durch eine nicht zu knappe Hose mit moderatem Beinausschnitt und \u2013 ganz wichtig \u2013 mit einem Innenzugband. Vorderseiten gef\u00fcttert. Ein echter Hingucker und dabei absolut sporttauglich.<\/p>\n<ul>\n<li>Designed in Australia.<\/li>\n<\/ul>\n<\/div>\n\t\t\t<\/div>\t<div class=\"toggle-item\">\n\t\t\t\t<div class=\"toggle-title \">\n\t\t\t\t\t<h6 class=\"toggle-name\">Material<\/h6>\n\t\t\t\t\t<span class=\"plus\">\n\t\t\t\t\t\t<svg xmlns=\"http:\/\/www.w3.org\/2000\/svg\" viewBox=\"0 0 8.8 8.9\">\n\t\t\t\t\t\t<path d=\"M8.3,3.8H5.2V0.7C5.2,0.3,4.8,0,4.5,0h0C4.1,0,3.8,0.3,3.8,0.7v3.1H0.7C0.3,3.8,0,4.1,0,4.5v0\n\t\t\t\t\t\t\tc0,0.4,0.3,0.7,0.7,0.7h3.1v3.1c0,0.4,0.3,0.7,0.7,0.7h0c0.4,0,0.7-0.3,0.7-0.7V5.2h3.1c0.4,0,0.7-0.3,0.7-0.7v0\n\t\t\t\t\t\t\tC8.9,4.1,8.6,3.8,8.3,3.8z\"\/>\n\t\t\t\t\t\t<\/svg>\n\t\t\t\t\t<\/span>\n\t\t\t\t\t<span class=\"minus\">\n\t\t\t\t\t\t<svg xmlns=\"http:\/\/www.w3.org\/2000\/svg\" viewBox=\"0 0 8.9 9\">\n\t\t\t\t\t\t<path d=\"M8.3,5.2H0.7C0.3,5.2,0,4.8,0,4.5l0,0c0-0.4,0.3-0.7,0.7-0.7h7.6c0.4,0,0.7,0.3,0.7,0.7v0 C8.9,4.8,8.6,5.2,8.3,5.2z\"\/>\n\t\t\t\t\t\t<\/svg>\n\t\t\t\t\t<\/span>\n\t\t\t\t<\/div>\n\t\t\t\t<div class=\"toggle-inner\">Obermaterial: 100% Polyester (53% Polyester, 47% PBT)<br \/>\nInnenfutter: 100% Polyester<br \/>\nDas bew\u00e4hrte C-Infinity-Material \u2013 bestehend aus 53% Polyester und 47% PBT \u2013 wird exklusiv f\u00fcr Funky Trunks\u00ae\/Funkita\u00ae in Italien hergestellt. Seine Merkmale:<\/p>\n<ul>\n<li>absolute Chlorresistenz,<\/li>\n<li>50+ UV-Schutz,<\/li>\n<li>schnelltrocknend,<\/li>\n<li>beh\u00e4lt Form, Farbe und Materialeigenschaften auch nach unz\u00e4hligen Trainingsstunden im Wasser \u2013 egal, ob gechlort oder salzig.<\/li>\n<\/ul>\n<\/div>\n\t\t\t<\/div>\t<div class=\"toggle-item\">\n\t\t\t\t<div class=\"toggle-title \">\n\t\t\t\t\t<h6 class=\"toggle-name\">Gr\u00f6\u00dfen &amp; Passform<\/h6>\n\t\t\t\t\t<span class=\"plus\">\n\t\t\t\t\t\t<svg xmlns=\"http:\/\/www.w3.org\/2000\/svg\" viewBox=\"0 0 8.8 8.9\">\n\t\t\t\t\t\t<path d=\"M8.3,3.8H5.2V0.7C5.2,0.3,4.8,0,4.5,0h0C4.1,0,3.8,0.3,3.8,0.7v3.1H0.7C0.3,3.8,0,4.1,0,4.5v0\n\t\t\t\t\t\t\tc0,0.4,0.3,0.7,0.7,0.7h3.1v3.1c0,0.4,0.3,0.7,0.7,0.7h0c0.4,0,0.7-0.3,0.7-0.7V5.2h3.1c0.4,0,0.7-0.3,0.7-0.7v0\n\t\t\t\t\t\t\tC8.9,4.1,8.6,3.8,8.3,3.8z\"\/>\n\t\t\t\t\t\t<\/svg>\n\t\t\t\t\t<\/span>\n\t\t\t\t\t<span class=\"minus\">\n\t\t\t\t\t\t<svg xmlns=\"http:\/\/www.w3.org\/2000\/svg\" viewBox=\"0 0 8.9 9\">\n\t\t\t\t\t\t<path d=\"M8.3,5.2H0.7C0.3,5.2,0,4.8,0,4.5l0,0c0-0.4,0.3-0.7,0.7-0.7h7.6c0.4,0,0.7,0.3,0.7,0.7v0 C8.9,4.8,8.6,5.2,8.3,5.2z\"\/>\n\t\t\t\t\t\t<\/svg>\n\t\t\t\t\t<\/span>\n\t\t\t\t<\/div>\n\t\t\t\t<div class=\"toggle-inner\">Erh\u00e4ltlich in den Gr\u00f6\u00dfen 8 bis 14 . (australische Gr\u00f6\u00dfen)<\/p>\n<p>Seitenstegh\u00f6he der Bikinihose bei Gr\u00f6\u00dfe 10 = 6 cm.<br \/>\nSeitliche H\u00f6he des Bikinioberteils bei Gr\u00f6\u00dfe 10 = 11 cm. Ideal f\u00fcr Cup A\u2013C.<\/p>\n<p>Wir empfehlen, immer erg\u00e4nzend noch einen Blick in die FUNKITA\u00ae Gr\u00f6\u00dfentabelle zu werfen und zur Sicherheit noch einmal das Ma\u00dfband zur Hand zu nehmen. Trotzdem noch unsicher? Wir helfen gerne!<\/div>\n\t\t\t<\/div><\/div>\n<\/div><\/div><\/div>\n","protected":false},"excerpt":{"rendered":"<h6>Der sportliche Zweiteiler von Funkita\u00ae<\/h6>\n<p>Die im Bereich der Lichtgeschwindigkeit arbeitenden Entwicklungsingenieure von Funkita\u00ae vergleichen die \u00dcberschallgeschwindigkeit \u2013 343 Meter pro Sekunde \u2013 mit dem \u201eSchwimmen auf der langsamen Bahn\u201c. Wer mit der gem\u00fctlichen Schallgeschwindigkeit aber gl\u00fccklich und zufrieden ist, f\u00fcr den ist der neongr\u00fcn-gelbe Funkita\u00ae Supersonic Sportbikini gerade richtig.<br \/>\n\u00dcbrigens \u2026 er ist au\u00dferdem die beste Vorbereitung auf das Schwimmen in Lichtgeschwindigkeit, ohne dass du Gefahr l\u00e4ufst, am Ende des Beckens wohlm\u00f6glich die Wende zu verpassen \ud83d\ude09<\/p>\n","protected":false},"featured_media":22101,"template":"","meta":[],"yoast_head":"<!-- This site is optimized with the Yoast SEO plugin v20.9 - https:\/\/yoast.com\/wordpress\/plugins\/seo\/ -->\n<title>Funkita\u00ae Supersonic Sportbikini | blue-aqua-sports<\/title>\n<meta name=\"description\" content=\"Wer einen leuchtenden, fr\u00f6hlichen Schwimmbikini sucht, f\u00fcr den ist der neongr\u00fcn-gelbe Funkita\u00ae Supersonic Sportbikini gerade richtig.\" \/>\n<meta name=\"robots\" content=\"index, follow, max-snippet:-1, max-image-preview:large, max-video-preview:-1\" \/>\n<link rel=\"canonical\" href=\"https:\/\/www.blue-aqua-sports.de\/?product=funkita-supersonic-sportbikini\" \/>\n<meta property=\"og:locale\" content=\"de_DE\" \/>\n<meta property=\"og:type\" content=\"article\" \/>\n<meta property=\"og:title\" content=\"Funkita\u00ae Supersonic Sportbikini | blue-aqua-sports\" \/>\n<meta property=\"og:description\" content=\"Wer einen leuchtenden, fr\u00f6hlichen Schwimmbikini sucht, f\u00fcr den ist der neongr\u00fcn-gelbe Funkita\u00ae Supersonic Sportbikini gerade richtig.\" \/>\n<meta property=\"og:url\" content=\"https:\/\/www.blue-aqua-sports.de\/?product=funkita-supersonic-sportbikini\" \/>\n<meta property=\"og:site_name\" content=\"blue-aqua-sports\" \/>\n<meta property=\"article:modified_time\" content=\"2023-03-26T15:00:02+00:00\" \/>\n<meta property=\"og:image\" content=\"https:\/\/www.blue-aqua-sports.de\/wp-content\/uploads\/2017\/01\/FS02L-FS03L001453-Supersonic-1.jpg\" \/>\n\t<meta property=\"og:image:width\" content=\"500\" \/>\n\t<meta property=\"og:image:height\" content=\"500\" \/>\n\t<meta property=\"og:image:type\" content=\"image\/jpeg\" \/>\n<meta name=\"twitter:card\" content=\"summary_large_image\" \/>\n<meta name=\"twitter:label1\" content=\"Gesch\u00e4tzte Lesezeit\" \/>\n\t<meta name=\"twitter:data1\" content=\"1\u00a0Minute\" \/>\n<script type=\"application\/ld+json\" class=\"yoast-schema-graph\">{\"@context\":\"https:\/\/schema.org\",\"@graph\":[{\"@type\":\"WebPage\",\"@id\":\"https:\/\/www.blue-aqua-sports.de\/?product=funkita-supersonic-sportbikini\",\"url\":\"https:\/\/www.blue-aqua-sports.de\/?product=funkita-supersonic-sportbikini\",\"name\":\"Funkita\u00ae Supersonic Sportbikini | blue-aqua-sports\",\"isPartOf\":{\"@id\":\"https:\/\/www.blue-aqua-sports.de\/#website\"},\"datePublished\":\"2017-01-27T10:32:59+00:00\",\"dateModified\":\"2023-03-26T15:00:02+00:00\",\"description\":\"Wer einen leuchtenden, fr\u00f6hlichen Schwimmbikini sucht, f\u00fcr den ist der neongr\u00fcn-gelbe Funkita\u00ae Supersonic Sportbikini gerade richtig.\",\"breadcrumb\":{\"@id\":\"https:\/\/www.blue-aqua-sports.de\/?product=funkita-supersonic-sportbikini#breadcrumb\"},\"inLanguage\":\"de\",\"potentialAction\":[{\"@type\":\"ReadAction\",\"target\":[\"https:\/\/www.blue-aqua-sports.de\/?product=funkita-supersonic-sportbikini\"]}]},{\"@type\":\"BreadcrumbList\",\"@id\":\"https:\/\/www.blue-aqua-sports.de\/?product=funkita-supersonic-sportbikini#breadcrumb\",\"itemListElement\":[{\"@type\":\"ListItem\",\"position\":1,\"name\":\"Startseite\",\"item\":\"https:\/\/www.blue-aqua-sports.de\/\"},{\"@type\":\"ListItem\",\"position\":2,\"name\":\"Shop\",\"item\":\"https:\/\/www.blue-aqua-sports.de\/?page_id=11813\"},{\"@type\":\"ListItem\",\"position\":3,\"name\":\"Funkita\u00ae Supersonic Sportbikini\"}]},{\"@type\":\"WebSite\",\"@id\":\"https:\/\/www.blue-aqua-sports.de\/#website\",\"url\":\"https:\/\/www.blue-aqua-sports.de\/\",\"name\":\"blue-aqua-sports\",\"description\":\"Top-Produkte f\u00fcr den Schwimmsport\",\"potentialAction\":[{\"@type\":\"SearchAction\",\"target\":{\"@type\":\"EntryPoint\",\"urlTemplate\":\"https:\/\/www.blue-aqua-sports.de\/?s={search_term_string}\"},\"query-input\":\"required name=search_term_string\"}],\"inLanguage\":\"de\"}]}<\/script>\n<!-- \/ Yoast SEO plugin. -->","yoast_head_json":{"title":"Funkita\u00ae Supersonic Sportbikini | blue-aqua-sports","description":"Wer einen leuchtenden, fr\u00f6hlichen Schwimmbikini sucht, f\u00fcr den ist der neongr\u00fcn-gelbe Funkita\u00ae Supersonic Sportbikini gerade richtig.","robots":{"index":"index","follow":"follow","max-snippet":"max-snippet:-1","max-image-preview":"max-image-preview:large","max-video-preview":"max-video-preview:-1"},"canonical":"https:\/\/www.blue-aqua-sports.de\/?product=funkita-supersonic-sportbikini","og_locale":"de_DE","og_type":"article","og_title":"Funkita\u00ae Supersonic Sportbikini | blue-aqua-sports","og_description":"Wer einen leuchtenden, fr\u00f6hlichen Schwimmbikini sucht, f\u00fcr den ist der neongr\u00fcn-gelbe Funkita\u00ae Supersonic Sportbikini gerade richtig.","og_url":"https:\/\/www.blue-aqua-sports.de\/?product=funkita-supersonic-sportbikini","og_site_name":"blue-aqua-sports","article_modified_time":"2023-03-26T15:00:02+00:00","og_image":[{"width":500,"height":500,"url":"https:\/\/www.blue-aqua-sports.de\/wp-content\/uploads\/2017\/01\/FS02L-FS03L001453-Supersonic-1.jpg","type":"image\/jpeg"}],"twitter_card":"summary_large_image","twitter_misc":{"Gesch\u00e4tzte Lesezeit":"1\u00a0Minute"},"schema":{"@context":"https:\/\/schema.org","@graph":[{"@type":"WebPage","@id":"https:\/\/www.blue-aqua-sports.de\/?product=funkita-supersonic-sportbikini","url":"https:\/\/www.blue-aqua-sports.de\/?product=funkita-supersonic-sportbikini","name":"Funkita\u00ae Supersonic Sportbikini | blue-aqua-sports","isPartOf":{"@id":"https:\/\/www.blue-aqua-sports.de\/#website"},"datePublished":"2017-01-27T10:32:59+00:00","dateModified":"2023-03-26T15:00:02+00:00","description":"Wer einen leuchtenden, fr\u00f6hlichen Schwimmbikini sucht, f\u00fcr den ist der neongr\u00fcn-gelbe Funkita\u00ae Supersonic Sportbikini gerade richtig.","breadcrumb":{"@id":"https:\/\/www.blue-aqua-sports.de\/?product=funkita-supersonic-sportbikini#breadcrumb"},"inLanguage":"de","potentialAction":[{"@type":"ReadAction","target":["https:\/\/www.blue-aqua-sports.de\/?product=funkita-supersonic-sportbikini"]}]},{"@type":"BreadcrumbList","@id":"https:\/\/www.blue-aqua-sports.de\/?product=funkita-supersonic-sportbikini#breadcrumb","itemListElement":[{"@type":"ListItem","position":1,"name":"Startseite","item":"https:\/\/www.blue-aqua-sports.de\/"},{"@type":"ListItem","position":2,"name":"Shop","item":"https:\/\/www.blue-aqua-sports.de\/?page_id=11813"},{"@type":"ListItem","position":3,"name":"Funkita\u00ae Supersonic Sportbikini"}]},{"@type":"WebSite","@id":"https:\/\/www.blue-aqua-sports.de\/#website","url":"https:\/\/www.blue-aqua-sports.de\/","name":"blue-aqua-sports","description":"Top-Produkte f\u00fcr den Schwimmsport","potentialAction":[{"@type":"SearchAction","target":{"@type":"EntryPoint","urlTemplate":"https:\/\/www.blue-aqua-sports.de\/?s={search_term_string}"},"query-input":"required name=search_term_string"}],"inLanguage":"de"}]}},"_links":{"self":[{"href":"https:\/\/www.blue-aqua-sports.de\/index.php?rest_route=\/wp\/v2\/product\/22096"}],"collection":[{"href":"https:\/\/www.blue-aqua-sports.de\/index.php?rest_route=\/wp\/v2\/product"}],"about":[{"href":"https:\/\/www.blue-aqua-sports.de\/index.php?rest_route=\/wp\/v2\/types\/product"}],"wp:featuredmedia":[{"embeddable":true,"href":"https:\/\/www.blue-aqua-sports.de\/index.php?rest_route=\/wp\/v2\/media\/22101"}],"wp:attachment":[{"href":"https:\/\/www.blue-aqua-sports.de\/index.php?rest_route=%2Fwp%2Fv2%2Fmedia&parent=22096"}],"curies":[{"name":"wp","href":"https:\/\/api.w.org\/{rel}","templated":true}]}}