{"id":27871,"date":"2018-06-06T14:55:00","date_gmt":"2018-06-06T13:55:00","guid":{"rendered":"https:\/\/www.blue-aqua-sports.de\/?product=funky-trunks-the-great-sausage-run-plain-front-trunk"},"modified":"2025-05-06T11:33:39","modified_gmt":"2025-05-06T10:33:39","slug":"funky-trunks-the-great-sausage-run-plain-front-trunk","status":"publish","type":"product","link":"https:\/\/www.blue-aqua-sports.de\/?product=funky-trunks-the-great-sausage-run-plain-front-trunk","title":{"rendered":"Funky Trunks\u00ae The Great Sausage Run Plain Front Trunk"},"content":{"rendered":"<div class=\"wrapper\"><div  class=\"column-section clearfix spaced-normal  col-align-top no-anim\"><div  class=\"column one-full last-col  col1 no-anim\" >\n<div class=\"accordion\">\t<div class=\"toggle-item\">\n\t\t\t\t<div class=\"toggle-title toggle-active\">\n\t\t\t\t\t<h6 class=\"toggle-name\">Merkmale<\/h6>\n\t\t\t\t\t<span class=\"plus\">\n\t\t\t\t\t\t<svg xmlns=\"http:\/\/www.w3.org\/2000\/svg\" viewBox=\"0 0 8.8 8.9\">\n\t\t\t\t\t\t<path d=\"M8.3,3.8H5.2V0.7C5.2,0.3,4.8,0,4.5,0h0C4.1,0,3.8,0.3,3.8,0.7v3.1H0.7C0.3,3.8,0,4.1,0,4.5v0\n\t\t\t\t\t\t\tc0,0.4,0.3,0.7,0.7,0.7h3.1v3.1c0,0.4,0.3,0.7,0.7,0.7h0c0.4,0,0.7-0.3,0.7-0.7V5.2h3.1c0.4,0,0.7-0.3,0.7-0.7v0\n\t\t\t\t\t\t\tC8.9,4.1,8.6,3.8,8.3,3.8z\"\/>\n\t\t\t\t\t\t<\/svg>\n\t\t\t\t\t<\/span>\n\t\t\t\t\t<span class=\"minus\">\n\t\t\t\t\t\t<svg xmlns=\"http:\/\/www.w3.org\/2000\/svg\" viewBox=\"0 0 8.9 9\">\n\t\t\t\t\t\t<path d=\"M8.3,5.2H0.7C0.3,5.2,0,4.8,0,4.5l0,0c0-0.4,0.3-0.7,0.7-0.7h7.6c0.4,0,0.7,0.3,0.7,0.7v0 C8.9,4.8,8.6,5.2,8.3,5.2z\"\/>\n\t\t\t\t\t\t<\/svg>\n\t\t\t\t\t<\/span>\n\t\t\t\t<\/div>\n\t\t\t\t<div class=\"toggle-inner\">Bequeme, absolut trendige \u201eMini-Retro-Shorts\u201c, H\u00f6he Seitensteg je nach Gr\u00f6\u00dfe 15\u201316 cm, Ziern\u00e4hte, Vorderseite gef\u00fcttert, flaches, dehnbares Bund mit Zugbindeband. Komfortable elastische Abschl\u00fcsse an Taille und Beinen \u2013 die perfekte und angenehme Schwimmhose f\u00fcr Training und Freizeit im Pool wie auch am Strand.<\/p>\n<ul>\n<li>Farbiges Innenfutter<\/li>\n<\/ul>\n<\/div>\n\t\t\t<\/div>\t<div class=\"toggle-item\">\n\t\t\t\t<div class=\"toggle-title \">\n\t\t\t\t\t<h6 class=\"toggle-name\">Material<\/h6>\n\t\t\t\t\t<span class=\"plus\">\n\t\t\t\t\t\t<svg xmlns=\"http:\/\/www.w3.org\/2000\/svg\" viewBox=\"0 0 8.8 8.9\">\n\t\t\t\t\t\t<path d=\"M8.3,3.8H5.2V0.7C5.2,0.3,4.8,0,4.5,0h0C4.1,0,3.8,0.3,3.8,0.7v3.1H0.7C0.3,3.8,0,4.1,0,4.5v0\n\t\t\t\t\t\t\tc0,0.4,0.3,0.7,0.7,0.7h3.1v3.1c0,0.4,0.3,0.7,0.7,0.7h0c0.4,0,0.7-0.3,0.7-0.7V5.2h3.1c0.4,0,0.7-0.3,0.7-0.7v0\n\t\t\t\t\t\t\tC8.9,4.1,8.6,3.8,8.3,3.8z\"\/>\n\t\t\t\t\t\t<\/svg>\n\t\t\t\t\t<\/span>\n\t\t\t\t\t<span class=\"minus\">\n\t\t\t\t\t\t<svg xmlns=\"http:\/\/www.w3.org\/2000\/svg\" viewBox=\"0 0 8.9 9\">\n\t\t\t\t\t\t<path d=\"M8.3,5.2H0.7C0.3,5.2,0,4.8,0,4.5l0,0c0-0.4,0.3-0.7,0.7-0.7h7.6c0.4,0,0.7,0.3,0.7,0.7v0 C8.9,4.8,8.6,5.2,8.3,5.2z\"\/>\n\t\t\t\t\t\t<\/svg>\n\t\t\t\t\t<\/span>\n\t\t\t\t<\/div>\n\t\t\t\t<div class=\"toggle-inner\">Obermaterial: 100% Polyester (53% Polyester, 47% PBT)<br \/>\nInnenfutter: 100% Polyester<br \/>\nDas bew\u00e4hrte C-Infinity-Material \u2013 bestehend aus 53% Polyester und 47% PBT \u2013 wird exklusiv f\u00fcr Funky Trunks\u00ae\/Funkita\u00ae in Italien hergestellt. Seine Merkmale:<\/p>\n<ul>\n<li>absolute Chlorresistenz,<\/li>\n<li>50+ UV-Schutz,<\/li>\n<li>schnelltrocknend,<\/li>\n<li>beh\u00e4lt Form, Farbe und Materialeigenschaften auch nach unz\u00e4hligen Trainingsstunden im Wasser \u2013 egal, ob gechlort oder salzig.<\/li>\n<\/ul>\n<\/div>\n\t\t\t<\/div>\t<div class=\"toggle-item\">\n\t\t\t\t<div class=\"toggle-title \">\n\t\t\t\t\t<h6 class=\"toggle-name\">Gr\u00f6\u00dfen &amp; Passform<\/h6>\n\t\t\t\t\t<span class=\"plus\">\n\t\t\t\t\t\t<svg xmlns=\"http:\/\/www.w3.org\/2000\/svg\" viewBox=\"0 0 8.8 8.9\">\n\t\t\t\t\t\t<path d=\"M8.3,3.8H5.2V0.7C5.2,0.3,4.8,0,4.5,0h0C4.1,0,3.8,0.3,3.8,0.7v3.1H0.7C0.3,3.8,0,4.1,0,4.5v0\n\t\t\t\t\t\t\tc0,0.4,0.3,0.7,0.7,0.7h3.1v3.1c0,0.4,0.3,0.7,0.7,0.7h0c0.4,0,0.7-0.3,0.7-0.7V5.2h3.1c0.4,0,0.7-0.3,0.7-0.7v0\n\t\t\t\t\t\t\tC8.9,4.1,8.6,3.8,8.3,3.8z\"\/>\n\t\t\t\t\t\t<\/svg>\n\t\t\t\t\t<\/span>\n\t\t\t\t\t<span class=\"minus\">\n\t\t\t\t\t\t<svg xmlns=\"http:\/\/www.w3.org\/2000\/svg\" viewBox=\"0 0 8.9 9\">\n\t\t\t\t\t\t<path d=\"M8.3,5.2H0.7C0.3,5.2,0,4.8,0,4.5l0,0c0-0.4,0.3-0.7,0.7-0.7h7.6c0.4,0,0.7,0.3,0.7,0.7v0 C8.9,4.8,8.6,5.2,8.3,5.2z\"\/>\n\t\t\t\t\t\t<\/svg>\n\t\t\t\t\t<\/span>\n\t\t\t\t<\/div>\n\t\t\t\t<div class=\"toggle-inner\">Erh\u00e4ltlich in den Gr\u00f6\u00dfen XS bis XL.<br \/>\nSeitenstegh\u00f6he je Gr\u00f6\u00dfe 15\u201316 cm.<br \/>\nWir empfehlen, immer erg\u00e4nzend noch einen Blick in die FUNKY TRUNKS\u00ae-Gr\u00f6\u00dfentabelle zu werfen und zur Sicherheit noch einmal das Ma\u00dfband zur Hand zu nehmen. Trotzdem noch unsicher? Wir helfen gerne!<\/div>\n\t\t\t<\/div><\/div>\n<\/div><\/div><\/div>\n","protected":false},"excerpt":{"rendered":"<h6>Das Original, womit alles begann<\/h6>\n<p>Einmal im Jahr an einem au\u00dfergew\u00f6hnlichen Herbstabend im Outback Australiens richtet sich der Mond am s\u00fcdlichen Himmel auf den Mars aus und f\u00fchrt zu einem Ereignis, das bisher noch nie zuvor von Menschen gesehen wurde. Im ganzen Land erwachen W\u00fcrste aus ihrem Schlummer und entkommen gemeinsam den Grills und Metzgerschalen, um sich zu gro\u00dfen Herden laufender W\u00fcrste zu versammeln. Am Ende ist&#8217;s eine wahre Wurst-Stampede, die durch die W\u00fcste wirbelt. Der gr\u00f6\u00dfte W\u00fcrstchenlauf, den es auf unseren Planeten gibt. Funky Trunks at its best<br \/>\nDie Funky Trunks\u00ae The Great Sausage Run Plain Front Trunk \u2013 absolut schr\u00e4g, positiv bekloppt \u2013 definitiv ein richtiger Hingucker, bei dem geschmunzelt werden darf.<\/p>\n","protected":false},"featured_media":44305,"template":"","meta":[],"yoast_head":"<!-- This site is optimized with the Yoast SEO plugin v20.9 - https:\/\/yoast.com\/wordpress\/plugins\/seo\/ -->\n<title>Funky Trunks\u00ae The Great Sausage Run Plain Front Trunk | blue-aqua-sports<\/title>\n<meta name=\"description\" content=\"Die Funky Trunks\u00ae The Great Sausage Run Plain Front Trunk \u2013 absolut schr\u00e4g, positiv bekloppt \u2013 definitiv ein richtiger Hingucker, bei dem geschmunzelt werden darf.\" \/>\n<meta name=\"robots\" content=\"index, follow, max-snippet:-1, max-image-preview:large, max-video-preview:-1\" \/>\n<link rel=\"canonical\" href=\"https:\/\/www.blue-aqua-sports.de\/?product=funky-trunks-the-great-sausage-run-plain-front-trunk\" \/>\n<meta property=\"og:locale\" content=\"de_DE\" \/>\n<meta property=\"og:type\" content=\"article\" \/>\n<meta property=\"og:title\" content=\"Funky Trunks\u00ae The Great Sausage Run Plain Front Trunk | blue-aqua-sports\" \/>\n<meta property=\"og:description\" content=\"Die Funky Trunks\u00ae The Great Sausage Run Plain Front Trunk \u2013 absolut schr\u00e4g, positiv bekloppt \u2013 definitiv ein richtiger Hingucker, bei dem geschmunzelt werden darf.\" \/>\n<meta property=\"og:url\" content=\"https:\/\/www.blue-aqua-sports.de\/?product=funky-trunks-the-great-sausage-run-plain-front-trunk\" \/>\n<meta property=\"og:site_name\" content=\"blue-aqua-sports\" \/>\n<meta property=\"article:modified_time\" content=\"2025-05-06T10:33:39+00:00\" \/>\n<meta property=\"og:image\" content=\"https:\/\/www.blue-aqua-sports.de\/wp-content\/uploads\/2018\/06\/FT01M02007-The-Great-Sausage-Run-1-1.jpg\" \/>\n\t<meta property=\"og:image:width\" content=\"400\" \/>\n\t<meta property=\"og:image:height\" content=\"400\" \/>\n\t<meta property=\"og:image:type\" content=\"image\/jpeg\" \/>\n<meta name=\"twitter:card\" content=\"summary_large_image\" \/>\n<meta name=\"twitter:label1\" content=\"Gesch\u00e4tzte Lesezeit\" \/>\n\t<meta name=\"twitter:data1\" content=\"1\u00a0Minute\" \/>\n<script type=\"application\/ld+json\" class=\"yoast-schema-graph\">{\"@context\":\"https:\/\/schema.org\",\"@graph\":[{\"@type\":\"WebPage\",\"@id\":\"https:\/\/www.blue-aqua-sports.de\/?product=funky-trunks-the-great-sausage-run-plain-front-trunk\",\"url\":\"https:\/\/www.blue-aqua-sports.de\/?product=funky-trunks-the-great-sausage-run-plain-front-trunk\",\"name\":\"Funky Trunks\u00ae The Great Sausage Run Plain Front Trunk | blue-aqua-sports\",\"isPartOf\":{\"@id\":\"https:\/\/www.blue-aqua-sports.de\/#website\"},\"datePublished\":\"2018-06-06T13:55:00+00:00\",\"dateModified\":\"2025-05-06T10:33:39+00:00\",\"description\":\"Die Funky Trunks\u00ae The Great Sausage Run Plain Front Trunk \u2013 absolut schr\u00e4g, positiv bekloppt \u2013 definitiv ein richtiger Hingucker, bei dem geschmunzelt werden darf.\",\"breadcrumb\":{\"@id\":\"https:\/\/www.blue-aqua-sports.de\/?product=funky-trunks-the-great-sausage-run-plain-front-trunk#breadcrumb\"},\"inLanguage\":\"de\",\"potentialAction\":[{\"@type\":\"ReadAction\",\"target\":[\"https:\/\/www.blue-aqua-sports.de\/?product=funky-trunks-the-great-sausage-run-plain-front-trunk\"]}]},{\"@type\":\"BreadcrumbList\",\"@id\":\"https:\/\/www.blue-aqua-sports.de\/?product=funky-trunks-the-great-sausage-run-plain-front-trunk#breadcrumb\",\"itemListElement\":[{\"@type\":\"ListItem\",\"position\":1,\"name\":\"Startseite\",\"item\":\"https:\/\/www.blue-aqua-sports.de\/\"},{\"@type\":\"ListItem\",\"position\":2,\"name\":\"Shop\",\"item\":\"https:\/\/www.blue-aqua-sports.de\/?page_id=11813\"},{\"@type\":\"ListItem\",\"position\":3,\"name\":\"Funky Trunks\u00ae The Great Sausage Run Plain Front Trunk\"}]},{\"@type\":\"WebSite\",\"@id\":\"https:\/\/www.blue-aqua-sports.de\/#website\",\"url\":\"https:\/\/www.blue-aqua-sports.de\/\",\"name\":\"blue-aqua-sports\",\"description\":\"Top-Produkte f\u00fcr den Schwimmsport\",\"potentialAction\":[{\"@type\":\"SearchAction\",\"target\":{\"@type\":\"EntryPoint\",\"urlTemplate\":\"https:\/\/www.blue-aqua-sports.de\/?s={search_term_string}\"},\"query-input\":\"required name=search_term_string\"}],\"inLanguage\":\"de\"}]}<\/script>\n<!-- \/ Yoast SEO plugin. -->","yoast_head_json":{"title":"Funky Trunks\u00ae The Great Sausage Run Plain Front Trunk | blue-aqua-sports","description":"Die Funky Trunks\u00ae The Great Sausage Run Plain Front Trunk \u2013 absolut schr\u00e4g, positiv bekloppt \u2013 definitiv ein richtiger Hingucker, bei dem geschmunzelt werden darf.","robots":{"index":"index","follow":"follow","max-snippet":"max-snippet:-1","max-image-preview":"max-image-preview:large","max-video-preview":"max-video-preview:-1"},"canonical":"https:\/\/www.blue-aqua-sports.de\/?product=funky-trunks-the-great-sausage-run-plain-front-trunk","og_locale":"de_DE","og_type":"article","og_title":"Funky Trunks\u00ae The Great Sausage Run Plain Front Trunk | blue-aqua-sports","og_description":"Die Funky Trunks\u00ae The Great Sausage Run Plain Front Trunk \u2013 absolut schr\u00e4g, positiv bekloppt \u2013 definitiv ein richtiger Hingucker, bei dem geschmunzelt werden darf.","og_url":"https:\/\/www.blue-aqua-sports.de\/?product=funky-trunks-the-great-sausage-run-plain-front-trunk","og_site_name":"blue-aqua-sports","article_modified_time":"2025-05-06T10:33:39+00:00","og_image":[{"width":400,"height":400,"url":"https:\/\/www.blue-aqua-sports.de\/wp-content\/uploads\/2018\/06\/FT01M02007-The-Great-Sausage-Run-1-1.jpg","type":"image\/jpeg"}],"twitter_card":"summary_large_image","twitter_misc":{"Gesch\u00e4tzte Lesezeit":"1\u00a0Minute"},"schema":{"@context":"https:\/\/schema.org","@graph":[{"@type":"WebPage","@id":"https:\/\/www.blue-aqua-sports.de\/?product=funky-trunks-the-great-sausage-run-plain-front-trunk","url":"https:\/\/www.blue-aqua-sports.de\/?product=funky-trunks-the-great-sausage-run-plain-front-trunk","name":"Funky Trunks\u00ae The Great Sausage Run Plain Front Trunk | blue-aqua-sports","isPartOf":{"@id":"https:\/\/www.blue-aqua-sports.de\/#website"},"datePublished":"2018-06-06T13:55:00+00:00","dateModified":"2025-05-06T10:33:39+00:00","description":"Die Funky Trunks\u00ae The Great Sausage Run Plain Front Trunk \u2013 absolut schr\u00e4g, positiv bekloppt \u2013 definitiv ein richtiger Hingucker, bei dem geschmunzelt werden darf.","breadcrumb":{"@id":"https:\/\/www.blue-aqua-sports.de\/?product=funky-trunks-the-great-sausage-run-plain-front-trunk#breadcrumb"},"inLanguage":"de","potentialAction":[{"@type":"ReadAction","target":["https:\/\/www.blue-aqua-sports.de\/?product=funky-trunks-the-great-sausage-run-plain-front-trunk"]}]},{"@type":"BreadcrumbList","@id":"https:\/\/www.blue-aqua-sports.de\/?product=funky-trunks-the-great-sausage-run-plain-front-trunk#breadcrumb","itemListElement":[{"@type":"ListItem","position":1,"name":"Startseite","item":"https:\/\/www.blue-aqua-sports.de\/"},{"@type":"ListItem","position":2,"name":"Shop","item":"https:\/\/www.blue-aqua-sports.de\/?page_id=11813"},{"@type":"ListItem","position":3,"name":"Funky Trunks\u00ae The Great Sausage Run Plain Front Trunk"}]},{"@type":"WebSite","@id":"https:\/\/www.blue-aqua-sports.de\/#website","url":"https:\/\/www.blue-aqua-sports.de\/","name":"blue-aqua-sports","description":"Top-Produkte f\u00fcr den Schwimmsport","potentialAction":[{"@type":"SearchAction","target":{"@type":"EntryPoint","urlTemplate":"https:\/\/www.blue-aqua-sports.de\/?s={search_term_string}"},"query-input":"required name=search_term_string"}],"inLanguage":"de"}]}},"_links":{"self":[{"href":"https:\/\/www.blue-aqua-sports.de\/index.php?rest_route=\/wp\/v2\/product\/27871"}],"collection":[{"href":"https:\/\/www.blue-aqua-sports.de\/index.php?rest_route=\/wp\/v2\/product"}],"about":[{"href":"https:\/\/www.blue-aqua-sports.de\/index.php?rest_route=\/wp\/v2\/types\/product"}],"wp:featuredmedia":[{"embeddable":true,"href":"https:\/\/www.blue-aqua-sports.de\/index.php?rest_route=\/wp\/v2\/media\/44305"}],"wp:attachment":[{"href":"https:\/\/www.blue-aqua-sports.de\/index.php?rest_route=%2Fwp%2Fv2%2Fmedia&parent=27871"}],"curies":[{"name":"wp","href":"https:\/\/api.w.org\/{rel}","templated":true}]}}