{"id":36366,"date":"2020-10-09T10:51:18","date_gmt":"2020-10-09T09:51:18","guid":{"rendered":"https:\/\/www.blue-aqua-sports.de\/?post_type=product&#038;p=36366"},"modified":"2023-07-17T18:51:23","modified_gmt":"2023-07-17T17:51:23","slug":"amanzi-kokomo-neoprene-case","status":"publish","type":"product","link":"https:\/\/www.blue-aqua-sports.de\/?product=amanzi-kokomo-neoprene-case","title":{"rendered":"AMANZI\u00ae Kokomo Neoprene Case"},"content":{"rendered":"<div class=\"wrapper\"><div  class=\"column-section clearfix spaced-normal  col-align-top no-anim\"><div  class=\"column one-full last-col  col1 no-anim\" >\n<div class=\"accordion\">\t<div class=\"toggle-item\">\n\t\t\t\t<div class=\"toggle-title toggle-active\">\n\t\t\t\t\t<h6 class=\"toggle-name\">Merkmale<\/h6>\n\t\t\t\t\t<span class=\"plus\">\n\t\t\t\t\t\t<svg xmlns=\"http:\/\/www.w3.org\/2000\/svg\" viewBox=\"0 0 8.8 8.9\">\n\t\t\t\t\t\t<path d=\"M8.3,3.8H5.2V0.7C5.2,0.3,4.8,0,4.5,0h0C4.1,0,3.8,0.3,3.8,0.7v3.1H0.7C0.3,3.8,0,4.1,0,4.5v0\n\t\t\t\t\t\t\tc0,0.4,0.3,0.7,0.7,0.7h3.1v3.1c0,0.4,0.3,0.7,0.7,0.7h0c0.4,0,0.7-0.3,0.7-0.7V5.2h3.1c0.4,0,0.7-0.3,0.7-0.7v0\n\t\t\t\t\t\t\tC8.9,4.1,8.6,3.8,8.3,3.8z\"\/>\n\t\t\t\t\t\t<\/svg>\n\t\t\t\t\t<\/span>\n\t\t\t\t\t<span class=\"minus\">\n\t\t\t\t\t\t<svg xmlns=\"http:\/\/www.w3.org\/2000\/svg\" viewBox=\"0 0 8.9 9\">\n\t\t\t\t\t\t<path d=\"M8.3,5.2H0.7C0.3,5.2,0,4.8,0,4.5l0,0c0-0.4,0.3-0.7,0.7-0.7h7.6c0.4,0,0.7,0.3,0.7,0.7v0 C8.9,4.8,8.6,5.2,8.3,5.2z\"\/>\n\t\t\t\t\t\t<\/svg>\n\t\t\t\t\t<\/span>\n\t\t\t\t<\/div>\n\t\t\t\t<div class=\"toggle-inner\">\n<p>Die AMANZI\u00ae Neopren-Etuis sind nicht nur praktisch, sondern auch noch echte Hingucker. Diese handliche Multifunktionstasche bietet eine Vielzahl von Aufbewahrungsm\u00f6glichkeiten:<\/p>\n<ul>\n<li>Sie ist geradezu der ideale &#8222;Heimathafen&#8220; f\u00fcr deine Schwimmbrille, die so nie mehr in den Tiefen deiner Schwimmtasche verlorengeht und dazu bestens gesch\u00fctzt ist.<\/li>\n<li>Die nasse Badekappe oder deine nasse Schwimmbekleidung passt ebenfalls in die kleine Tasche.<\/li>\n<li>Verwende sie als hippe Kosmetiktasche f\u00fcr Shampoo, Duschgel &amp; Co.<\/li>\n<li>Auch als Schreibm\u00e4ppchen macht sie eine gute Figur.<\/li>\n<li>Mit Klipphaken zum Aufh\u00e4ngen und Befestigen sowie einem robusten Rei\u00dfverschluss.<\/li>\n<li>Designed in Australia.<\/li>\n<\/ul>\n<\/div>\n\t\t\t<\/div>\t<div class=\"toggle-item\">\n\t\t\t\t<div class=\"toggle-title \">\n\t\t\t\t\t<h6 class=\"toggle-name\">Material &amp; Details<\/h6>\n\t\t\t\t\t<span class=\"plus\">\n\t\t\t\t\t\t<svg xmlns=\"http:\/\/www.w3.org\/2000\/svg\" viewBox=\"0 0 8.8 8.9\">\n\t\t\t\t\t\t<path d=\"M8.3,3.8H5.2V0.7C5.2,0.3,4.8,0,4.5,0h0C4.1,0,3.8,0.3,3.8,0.7v3.1H0.7C0.3,3.8,0,4.1,0,4.5v0\n\t\t\t\t\t\t\tc0,0.4,0.3,0.7,0.7,0.7h3.1v3.1c0,0.4,0.3,0.7,0.7,0.7h0c0.4,0,0.7-0.3,0.7-0.7V5.2h3.1c0.4,0,0.7-0.3,0.7-0.7v0\n\t\t\t\t\t\t\tC8.9,4.1,8.6,3.8,8.3,3.8z\"\/>\n\t\t\t\t\t\t<\/svg>\n\t\t\t\t\t<\/span>\n\t\t\t\t\t<span class=\"minus\">\n\t\t\t\t\t\t<svg xmlns=\"http:\/\/www.w3.org\/2000\/svg\" viewBox=\"0 0 8.9 9\">\n\t\t\t\t\t\t<path d=\"M8.3,5.2H0.7C0.3,5.2,0,4.8,0,4.5l0,0c0-0.4,0.3-0.7,0.7-0.7h7.6c0.4,0,0.7,0.3,0.7,0.7v0 C8.9,4.8,8.6,5.2,8.3,5.2z\"\/>\n\t\t\t\t\t\t<\/svg>\n\t\t\t\t\t<\/span>\n\t\t\t\t<\/div>\n\t\t\t\t<div class=\"toggle-inner\">100% Chloropren-Kautschuk (Neopren) mit beidseitiger Polyamid-Kaschierung.<\/p>\n<ul>\n<li>Das robuste Neopren-Material sch\u00fctzt deine Lieblingsbrille, sorgt f\u00fcr Ordnung in der Schwimmtasche und h\u00e4lt Wichtiges trocken.<\/li>\n<li>Der robuste Rei\u00dfverschluss erlaubt ein einfaches \u00d6ffnen und Schlie\u00dfen.<\/li>\n<li>Mit dem praktischen Klipphaken l\u00e4sst sich das Amanzi\u00ae-Etui an Tasche oder Rucksack schnell und sicher befestigen.<\/li>\n<\/ul>\n<p><strong>Pflege:<\/strong> Bei Bedarf Handw\u00e4sche in kaltem Wasser. Nicht in der prallen Sonne trocknen lassen.<\/p>\n<\/div>\n\t\t\t<\/div>\t<div class=\"toggle-item\">\n\t\t\t\t<div class=\"toggle-title \">\n\t\t\t\t\t<h6 class=\"toggle-name\">Ma\u00dfe<\/h6>\n\t\t\t\t\t<span class=\"plus\">\n\t\t\t\t\t\t<svg xmlns=\"http:\/\/www.w3.org\/2000\/svg\" viewBox=\"0 0 8.8 8.9\">\n\t\t\t\t\t\t<path d=\"M8.3,3.8H5.2V0.7C5.2,0.3,4.8,0,4.5,0h0C4.1,0,3.8,0.3,3.8,0.7v3.1H0.7C0.3,3.8,0,4.1,0,4.5v0\n\t\t\t\t\t\t\tc0,0.4,0.3,0.7,0.7,0.7h3.1v3.1c0,0.4,0.3,0.7,0.7,0.7h0c0.4,0,0.7-0.3,0.7-0.7V5.2h3.1c0.4,0,0.7-0.3,0.7-0.7v0\n\t\t\t\t\t\t\tC8.9,4.1,8.6,3.8,8.3,3.8z\"\/>\n\t\t\t\t\t\t<\/svg>\n\t\t\t\t\t<\/span>\n\t\t\t\t\t<span class=\"minus\">\n\t\t\t\t\t\t<svg xmlns=\"http:\/\/www.w3.org\/2000\/svg\" viewBox=\"0 0 8.9 9\">\n\t\t\t\t\t\t<path d=\"M8.3,5.2H0.7C0.3,5.2,0,4.8,0,4.5l0,0c0-0.4,0.3-0.7,0.7-0.7h7.6c0.4,0,0.7,0.3,0.7,0.7v0 C8.9,4.8,8.6,5.2,8.3,5.2z\"\/>\n\t\t\t\t\t\t<\/svg>\n\t\t\t\t\t<\/span>\n\t\t\t\t<\/div>\n\t\t\t\t<div class=\"toggle-inner\">Gesamtma\u00dfe: L\u00e4nge 19 cm x Breite 8 cm<\/div>\n\t\t\t<\/div><\/div>\n<\/div><\/div><\/div>\n","protected":false},"excerpt":{"rendered":"<h6>Super-praktisch, handlich und trendy \u2013 die Multifunktionstasche aus Neopren<\/h6>\n<div class=\"toggle-inner\">\n<p>Die AMANZI\u00ae Neopren-Etuis sind nicht nur praktisch, sondern auch noch echte Hingucker mit einer Unzahl an Einsatzm\u00f6glichkeiten. Ob \u201eHeimathafen\u201c f\u00fcr deine Schwimmbrille, hippes Aufbewahrungstool f\u00fcr Shampoo, Duschgel &amp; Co. oder, oder, oder &#8230;<\/p>\n<p>Karibisches Feeling ist dir mit dem AMANZI\u00ae Kokomo Neoprene Case sicher. Wenn&#8217;s ein bisschen mehr sein darf &#8230; das Case passt prima zum\u00a0 <a href=\"https:\/\/www.blue-aqua-sports.de\/?product=amanzi-kokomo-eco-active-back\" target=\"_blank\" rel=\"noopener noreferrer\">Amanzi\u00ae Velocity Eco Active Back<\/a> im gleichen Print.<\/p>\n<\/div>\n","protected":false},"featured_media":36367,"template":"","meta":[],"yoast_head":"<!-- This site is optimized with the Yoast SEO plugin v20.9 - https:\/\/yoast.com\/wordpress\/plugins\/seo\/ -->\n<title>AMANZI\u00ae Kokomo Neoprene Case | blue-aqua-sports<\/title>\n<meta name=\"description\" content=\"AMANZI\u00ae Kokomo Neoprene Case \u2013 Super-praktisch, handlich und trendy \u2013 die Multifunktionstasche aus Neopren \u2013 jetzt bei blue-aqua-sports.\" \/>\n<meta name=\"robots\" content=\"index, follow, max-snippet:-1, max-image-preview:large, max-video-preview:-1\" \/>\n<link rel=\"canonical\" href=\"https:\/\/www.blue-aqua-sports.de\/?product=amanzi-kokomo-neoprene-case\" \/>\n<meta property=\"og:locale\" content=\"de_DE\" \/>\n<meta property=\"og:type\" content=\"article\" \/>\n<meta property=\"og:title\" content=\"AMANZI\u00ae Kokomo Neoprene Case | blue-aqua-sports\" \/>\n<meta property=\"og:description\" content=\"AMANZI\u00ae Kokomo Neoprene Case \u2013 Super-praktisch, handlich und trendy \u2013 die Multifunktionstasche aus Neopren \u2013 jetzt bei blue-aqua-sports.\" \/>\n<meta property=\"og:url\" content=\"https:\/\/www.blue-aqua-sports.de\/?product=amanzi-kokomo-neoprene-case\" \/>\n<meta property=\"og:site_name\" content=\"blue-aqua-sports\" \/>\n<meta property=\"article:modified_time\" content=\"2023-07-17T17:51:23+00:00\" \/>\n<meta property=\"og:image\" content=\"https:\/\/www.blue-aqua-sports.de\/wp-content\/uploads\/2020\/10\/AM28239OS-Kokomo-Neoprene-Case-1.jpg\" \/>\n\t<meta property=\"og:image:width\" content=\"500\" \/>\n\t<meta property=\"og:image:height\" content=\"500\" \/>\n\t<meta property=\"og:image:type\" content=\"image\/jpeg\" \/>\n<meta name=\"twitter:card\" content=\"summary_large_image\" \/>\n<meta name=\"twitter:label1\" content=\"Gesch\u00e4tzte Lesezeit\" \/>\n\t<meta name=\"twitter:data1\" content=\"1\u00a0Minute\" \/>\n<script type=\"application\/ld+json\" class=\"yoast-schema-graph\">{\"@context\":\"https:\/\/schema.org\",\"@graph\":[{\"@type\":\"WebPage\",\"@id\":\"https:\/\/www.blue-aqua-sports.de\/?product=amanzi-kokomo-neoprene-case\",\"url\":\"https:\/\/www.blue-aqua-sports.de\/?product=amanzi-kokomo-neoprene-case\",\"name\":\"AMANZI\u00ae Kokomo Neoprene Case | blue-aqua-sports\",\"isPartOf\":{\"@id\":\"https:\/\/www.blue-aqua-sports.de\/#website\"},\"datePublished\":\"2020-10-09T09:51:18+00:00\",\"dateModified\":\"2023-07-17T17:51:23+00:00\",\"description\":\"AMANZI\u00ae Kokomo Neoprene Case \u2013 Super-praktisch, handlich und trendy \u2013 die Multifunktionstasche aus Neopren \u2013 jetzt bei blue-aqua-sports.\",\"breadcrumb\":{\"@id\":\"https:\/\/www.blue-aqua-sports.de\/?product=amanzi-kokomo-neoprene-case#breadcrumb\"},\"inLanguage\":\"de\",\"potentialAction\":[{\"@type\":\"ReadAction\",\"target\":[\"https:\/\/www.blue-aqua-sports.de\/?product=amanzi-kokomo-neoprene-case\"]}]},{\"@type\":\"BreadcrumbList\",\"@id\":\"https:\/\/www.blue-aqua-sports.de\/?product=amanzi-kokomo-neoprene-case#breadcrumb\",\"itemListElement\":[{\"@type\":\"ListItem\",\"position\":1,\"name\":\"Startseite\",\"item\":\"https:\/\/www.blue-aqua-sports.de\/\"},{\"@type\":\"ListItem\",\"position\":2,\"name\":\"Shop\",\"item\":\"https:\/\/www.blue-aqua-sports.de\/?page_id=11813\"},{\"@type\":\"ListItem\",\"position\":3,\"name\":\"AMANZI\u00ae Kokomo Neoprene Case\"}]},{\"@type\":\"WebSite\",\"@id\":\"https:\/\/www.blue-aqua-sports.de\/#website\",\"url\":\"https:\/\/www.blue-aqua-sports.de\/\",\"name\":\"blue-aqua-sports\",\"description\":\"Top-Produkte f\u00fcr den Schwimmsport\",\"potentialAction\":[{\"@type\":\"SearchAction\",\"target\":{\"@type\":\"EntryPoint\",\"urlTemplate\":\"https:\/\/www.blue-aqua-sports.de\/?s={search_term_string}\"},\"query-input\":\"required name=search_term_string\"}],\"inLanguage\":\"de\"}]}<\/script>\n<!-- \/ Yoast SEO plugin. -->","yoast_head_json":{"title":"AMANZI\u00ae Kokomo Neoprene Case | blue-aqua-sports","description":"AMANZI\u00ae Kokomo Neoprene Case \u2013 Super-praktisch, handlich und trendy \u2013 die Multifunktionstasche aus Neopren \u2013 jetzt bei blue-aqua-sports.","robots":{"index":"index","follow":"follow","max-snippet":"max-snippet:-1","max-image-preview":"max-image-preview:large","max-video-preview":"max-video-preview:-1"},"canonical":"https:\/\/www.blue-aqua-sports.de\/?product=amanzi-kokomo-neoprene-case","og_locale":"de_DE","og_type":"article","og_title":"AMANZI\u00ae Kokomo Neoprene Case | blue-aqua-sports","og_description":"AMANZI\u00ae Kokomo Neoprene Case \u2013 Super-praktisch, handlich und trendy \u2013 die Multifunktionstasche aus Neopren \u2013 jetzt bei blue-aqua-sports.","og_url":"https:\/\/www.blue-aqua-sports.de\/?product=amanzi-kokomo-neoprene-case","og_site_name":"blue-aqua-sports","article_modified_time":"2023-07-17T17:51:23+00:00","og_image":[{"width":500,"height":500,"url":"https:\/\/www.blue-aqua-sports.de\/wp-content\/uploads\/2020\/10\/AM28239OS-Kokomo-Neoprene-Case-1.jpg","type":"image\/jpeg"}],"twitter_card":"summary_large_image","twitter_misc":{"Gesch\u00e4tzte Lesezeit":"1\u00a0Minute"},"schema":{"@context":"https:\/\/schema.org","@graph":[{"@type":"WebPage","@id":"https:\/\/www.blue-aqua-sports.de\/?product=amanzi-kokomo-neoprene-case","url":"https:\/\/www.blue-aqua-sports.de\/?product=amanzi-kokomo-neoprene-case","name":"AMANZI\u00ae Kokomo Neoprene Case | blue-aqua-sports","isPartOf":{"@id":"https:\/\/www.blue-aqua-sports.de\/#website"},"datePublished":"2020-10-09T09:51:18+00:00","dateModified":"2023-07-17T17:51:23+00:00","description":"AMANZI\u00ae Kokomo Neoprene Case \u2013 Super-praktisch, handlich und trendy \u2013 die Multifunktionstasche aus Neopren \u2013 jetzt bei blue-aqua-sports.","breadcrumb":{"@id":"https:\/\/www.blue-aqua-sports.de\/?product=amanzi-kokomo-neoprene-case#breadcrumb"},"inLanguage":"de","potentialAction":[{"@type":"ReadAction","target":["https:\/\/www.blue-aqua-sports.de\/?product=amanzi-kokomo-neoprene-case"]}]},{"@type":"BreadcrumbList","@id":"https:\/\/www.blue-aqua-sports.de\/?product=amanzi-kokomo-neoprene-case#breadcrumb","itemListElement":[{"@type":"ListItem","position":1,"name":"Startseite","item":"https:\/\/www.blue-aqua-sports.de\/"},{"@type":"ListItem","position":2,"name":"Shop","item":"https:\/\/www.blue-aqua-sports.de\/?page_id=11813"},{"@type":"ListItem","position":3,"name":"AMANZI\u00ae Kokomo Neoprene Case"}]},{"@type":"WebSite","@id":"https:\/\/www.blue-aqua-sports.de\/#website","url":"https:\/\/www.blue-aqua-sports.de\/","name":"blue-aqua-sports","description":"Top-Produkte f\u00fcr den Schwimmsport","potentialAction":[{"@type":"SearchAction","target":{"@type":"EntryPoint","urlTemplate":"https:\/\/www.blue-aqua-sports.de\/?s={search_term_string}"},"query-input":"required name=search_term_string"}],"inLanguage":"de"}]}},"_links":{"self":[{"href":"https:\/\/www.blue-aqua-sports.de\/index.php?rest_route=\/wp\/v2\/product\/36366"}],"collection":[{"href":"https:\/\/www.blue-aqua-sports.de\/index.php?rest_route=\/wp\/v2\/product"}],"about":[{"href":"https:\/\/www.blue-aqua-sports.de\/index.php?rest_route=\/wp\/v2\/types\/product"}],"wp:featuredmedia":[{"embeddable":true,"href":"https:\/\/www.blue-aqua-sports.de\/index.php?rest_route=\/wp\/v2\/media\/36367"}],"wp:attachment":[{"href":"https:\/\/www.blue-aqua-sports.de\/index.php?rest_route=%2Fwp%2Fv2%2Fmedia&parent=36366"}],"curies":[{"name":"wp","href":"https:\/\/api.w.org\/{rel}","templated":true}]}}