{"id":44155,"date":"2025-02-14T20:41:39","date_gmt":"2025-02-14T19:41:39","guid":{"rendered":"https:\/\/www.blue-aqua-sports.de\/?post_type=product&#038;p=44155"},"modified":"2026-03-12T17:36:52","modified_gmt":"2026-03-12T16:36:52","slug":"funkita-sound-stopper-single-strap","status":"publish","type":"product","link":"https:\/\/www.blue-aqua-sports.de\/?product=funkita-sound-stopper-single-strap","title":{"rendered":"Funkita\u00ae Sound Stopper Single Strap"},"content":{"rendered":"<div class=\"wrapper\"><div  class=\"column-section clearfix spaced-normal  col-align-top no-anim\"><div  class=\"column one-full last-col  col1 no-anim\" >\n<div class=\"accordion\">\t<div class=\"toggle-item\">\n\t\t\t\t<div class=\"toggle-title toggle-active\">\n\t\t\t\t\t<h6 class=\"toggle-name\">Merkmale<\/h6>\n\t\t\t\t\t<span class=\"plus\">\n\t\t\t\t\t\t<svg xmlns=\"http:\/\/www.w3.org\/2000\/svg\" viewBox=\"0 0 8.8 8.9\">\n\t\t\t\t\t\t<path d=\"M8.3,3.8H5.2V0.7C5.2,0.3,4.8,0,4.5,0h0C4.1,0,3.8,0.3,3.8,0.7v3.1H0.7C0.3,3.8,0,4.1,0,4.5v0\n\t\t\t\t\t\t\tc0,0.4,0.3,0.7,0.7,0.7h3.1v3.1c0,0.4,0.3,0.7,0.7,0.7h0c0.4,0,0.7-0.3,0.7-0.7V5.2h3.1c0.4,0,0.7-0.3,0.7-0.7v0\n\t\t\t\t\t\t\tC8.9,4.1,8.6,3.8,8.3,3.8z\"\/>\n\t\t\t\t\t\t<\/svg>\n\t\t\t\t\t<\/span>\n\t\t\t\t\t<span class=\"minus\">\n\t\t\t\t\t\t<svg xmlns=\"http:\/\/www.w3.org\/2000\/svg\" viewBox=\"0 0 8.9 9\">\n\t\t\t\t\t\t<path d=\"M8.3,5.2H0.7C0.3,5.2,0,4.8,0,4.5l0,0c0-0.4,0.3-0.7,0.7-0.7h7.6c0.4,0,0.7,0.3,0.7,0.7v0 C8.9,4.8,8.6,5.2,8.3,5.2z\"\/>\n\t\t\t\t\t\t<\/svg>\n\t\t\t\t\t<\/span>\n\t\t\t\t<\/div>\n\t\t\t\t<div class=\"toggle-inner\">Einteiler als Single Strap, einem Schnitt, der durch seine schmalen Tr\u00e4ger und weiter ausgeschnittenen R\u00fcckenpartie die sportliche Figur ins rechte Licht r\u00fcckt und f\u00fcr viel Bewegungsfreiheit sorgt. Vorderseite gef\u00fcttert, der raffinierte Schnitt verl\u00e4ngert optisch das Bein. Perfekt f\u00fcr alle, die Stunden um Stunden ihre Bahnen im Pool ziehen.<\/p>\n<ul>\n<li>Designed in Australia.<\/li>\n<li>Allover-Print.<\/li>\n<\/ul>\n<\/div>\n\t\t\t<\/div>\t<div class=\"toggle-item\">\n\t\t\t\t<div class=\"toggle-title \">\n\t\t\t\t\t<h6 class=\"toggle-name\">Material<\/h6>\n\t\t\t\t\t<span class=\"plus\">\n\t\t\t\t\t\t<svg xmlns=\"http:\/\/www.w3.org\/2000\/svg\" viewBox=\"0 0 8.8 8.9\">\n\t\t\t\t\t\t<path d=\"M8.3,3.8H5.2V0.7C5.2,0.3,4.8,0,4.5,0h0C4.1,0,3.8,0.3,3.8,0.7v3.1H0.7C0.3,3.8,0,4.1,0,4.5v0\n\t\t\t\t\t\t\tc0,0.4,0.3,0.7,0.7,0.7h3.1v3.1c0,0.4,0.3,0.7,0.7,0.7h0c0.4,0,0.7-0.3,0.7-0.7V5.2h3.1c0.4,0,0.7-0.3,0.7-0.7v0\n\t\t\t\t\t\t\tC8.9,4.1,8.6,3.8,8.3,3.8z\"\/>\n\t\t\t\t\t\t<\/svg>\n\t\t\t\t\t<\/span>\n\t\t\t\t\t<span class=\"minus\">\n\t\t\t\t\t\t<svg xmlns=\"http:\/\/www.w3.org\/2000\/svg\" viewBox=\"0 0 8.9 9\">\n\t\t\t\t\t\t<path d=\"M8.3,5.2H0.7C0.3,5.2,0,4.8,0,4.5l0,0c0-0.4,0.3-0.7,0.7-0.7h7.6c0.4,0,0.7,0.3,0.7,0.7v0 C8.9,4.8,8.6,5.2,8.3,5.2z\"\/>\n\t\t\t\t\t\t<\/svg>\n\t\t\t\t\t<\/span>\n\t\t\t\t<\/div>\n\t\t\t\t<div class=\"toggle-inner\">\nObermaterial: 100% Polyester<br \/>\nInnenfutter: 100% Polyester<\/p>\n<p>Eco C-Infinity, besteht aus der gleichen hochwertigen Polyesterkomposition wie das bew\u00e4hrte C-Infinity \u2013 wird hingegen aus ausgedienten PET-Getr\u00e4nkeflaschen gewonnen, dabei weiterhin exklusiv f\u00fcr Funky Trunks\u00ae\/Funkita\u00ae in Italien hergestellt. Eco C-Infinity verleiht Abfall neues Leben, entlastet die Umwelt, ohne dadurch seine typischen Merkmale zu verlieren:<\/p>\n<ul>\n<li>absolute Chlorresistenz,<\/li>\n<li>50+ UV-Schutz,<\/li>\n<li>schnelltrocknend,<\/li>\n<li>beh\u00e4lt Form, Farbe und Materialeigenschaften auch nach unz\u00e4hligen Trainingsstunden im Wasser \u2013 egal, ob gechlort oder salzig.<\/li>\n<\/ul>\n<\/div>\n\t\t\t<\/div>\t<div class=\"toggle-item\">\n\t\t\t\t<div class=\"toggle-title \">\n\t\t\t\t\t<h6 class=\"toggle-name\">Gr\u00f6\u00dfen &amp; Passform<\/h6>\n\t\t\t\t\t<span class=\"plus\">\n\t\t\t\t\t\t<svg xmlns=\"http:\/\/www.w3.org\/2000\/svg\" viewBox=\"0 0 8.8 8.9\">\n\t\t\t\t\t\t<path d=\"M8.3,3.8H5.2V0.7C5.2,0.3,4.8,0,4.5,0h0C4.1,0,3.8,0.3,3.8,0.7v3.1H0.7C0.3,3.8,0,4.1,0,4.5v0\n\t\t\t\t\t\t\tc0,0.4,0.3,0.7,0.7,0.7h3.1v3.1c0,0.4,0.3,0.7,0.7,0.7h0c0.4,0,0.7-0.3,0.7-0.7V5.2h3.1c0.4,0,0.7-0.3,0.7-0.7v0\n\t\t\t\t\t\t\tC8.9,4.1,8.6,3.8,8.3,3.8z\"\/>\n\t\t\t\t\t\t<\/svg>\n\t\t\t\t\t<\/span>\n\t\t\t\t\t<span class=\"minus\">\n\t\t\t\t\t\t<svg xmlns=\"http:\/\/www.w3.org\/2000\/svg\" viewBox=\"0 0 8.9 9\">\n\t\t\t\t\t\t<path d=\"M8.3,5.2H0.7C0.3,5.2,0,4.8,0,4.5l0,0c0-0.4,0.3-0.7,0.7-0.7h7.6c0.4,0,0.7,0.3,0.7,0.7v0 C8.9,4.8,8.6,5.2,8.3,5.2z\"\/>\n\t\t\t\t\t\t<\/svg>\n\t\t\t\t\t<\/span>\n\t\t\t\t<\/div>\n\t\t\t\t<div class=\"toggle-inner\">Erh\u00e4ltlich in den Gr\u00f6\u00dfen 8 bis 16 (australische Gr\u00f6\u00dfen).<\/p>\n<p>Damit\u2019s aber auch sicher passt, empfehlen wir den Vergleich Ihrer pers\u00f6nlichen Ma\u00dfe mit der Funkita-Gr\u00f6\u00dfentabelle. Trotzdem unsicher? Wir helfen gerne.<\/div>\n\t\t\t<\/div>\n\t<div class=\"toggle-item\">\n\t\t\t\t<div class=\"toggle-title \">\n\t\t\t\t\t<h6 class=\"toggle-name\">Hersteller &amp; EU-Verantwortlicher<\/h6>\n\t\t\t\t\t<span class=\"plus\">\n\t\t\t\t\t\t<svg xmlns=\"http:\/\/www.w3.org\/2000\/svg\" viewBox=\"0 0 8.8 8.9\">\n\t\t\t\t\t\t<path d=\"M8.3,3.8H5.2V0.7C5.2,0.3,4.8,0,4.5,0h0C4.1,0,3.8,0.3,3.8,0.7v3.1H0.7C0.3,3.8,0,4.1,0,4.5v0\n\t\t\t\t\t\t\tc0,0.4,0.3,0.7,0.7,0.7h3.1v3.1c0,0.4,0.3,0.7,0.7,0.7h0c0.4,0,0.7-0.3,0.7-0.7V5.2h3.1c0.4,0,0.7-0.3,0.7-0.7v0\n\t\t\t\t\t\t\tC8.9,4.1,8.6,3.8,8.3,3.8z\"\/>\n\t\t\t\t\t\t<\/svg>\n\t\t\t\t\t<\/span>\n\t\t\t\t\t<span class=\"minus\">\n\t\t\t\t\t\t<svg xmlns=\"http:\/\/www.w3.org\/2000\/svg\" viewBox=\"0 0 8.9 9\">\n\t\t\t\t\t\t<path d=\"M8.3,5.2H0.7C0.3,5.2,0,4.8,0,4.5l0,0c0-0.4,0.3-0.7,0.7-0.7h7.6c0.4,0,0.7,0.3,0.7,0.7v0 C8.9,4.8,8.6,5.2,8.3,5.2z\"\/>\n\t\t\t\t\t\t<\/svg>\n\t\t\t\t\t<\/span>\n\t\t\t\t<\/div>\n\t\t\t\t<div class=\"toggle-inner\">\n<ul>\n<li>Hersteller: Way Funky Company Pty Ltd, 358 Johnston Street, Abbotsford, VICTORIA 3067, AUSTRALIA, d.mclean@wayfunky.com<\/li>\n<li>EU-Verantwortlicher: Action Sports Sportartikel GmbH, Carlo-Schmid-Stra\u00dfe 11, 52146 W\u00fcrselen, compliance@action-sports.de<\/li>\n<\/ul>\n<\/div>\n\t\t\t<\/div>\n<\/div>\n<\/div><\/div><\/div>\n","protected":false},"excerpt":{"rendered":"<h6>Trainingsschwimmanzug \u2013 stylischer Schnitt \u2013 crazy, funky Design<\/h6>\n<p>Stets auf der richtigen Frequenz zu sein, hat definitiv Vorteile. Das garantiert dir der Funkita\u00ae Sound Stopper Single Strap. Ganz bestimmt mit seinen sommerlichen Farben, die einfach f\u00fcr Spa\u00df und gute Laune sorgen.<\/p>\n","protected":false},"featured_media":44160,"template":"","meta":[],"yoast_head":"<!-- This site is optimized with the Yoast SEO plugin v20.9 - https:\/\/yoast.com\/wordpress\/plugins\/seo\/ -->\n<title>Funkita\u00ae Sound Stopper Single Strap | blue-aqua-sports<\/title>\n<meta name=\"description\" content=\"Stets auf der richtigen Frequenz zu sein, hat definitiv Vorteile. Das garantiert dir der Funkita\u00ae Sound Stopper Single Strap. Ganz bestimmt mit seinen sommerlichen Farben.\" \/>\n<meta name=\"robots\" content=\"index, follow, max-snippet:-1, max-image-preview:large, max-video-preview:-1\" \/>\n<link rel=\"canonical\" href=\"https:\/\/www.blue-aqua-sports.de\/?product=funkita-sound-stopper-single-strap\" \/>\n<meta property=\"og:locale\" content=\"de_DE\" \/>\n<meta property=\"og:type\" content=\"article\" \/>\n<meta property=\"og:title\" content=\"Funkita\u00ae Sound Stopper Single Strap | blue-aqua-sports\" \/>\n<meta property=\"og:description\" content=\"Stets auf der richtigen Frequenz zu sein, hat definitiv Vorteile. Das garantiert dir der Funkita\u00ae Sound Stopper Single Strap. Ganz bestimmt mit seinen sommerlichen Farben.\" \/>\n<meta property=\"og:url\" content=\"https:\/\/www.blue-aqua-sports.de\/?product=funkita-sound-stopper-single-strap\" \/>\n<meta property=\"og:site_name\" content=\"blue-aqua-sports\" \/>\n<meta property=\"article:modified_time\" content=\"2026-03-12T16:36:52+00:00\" \/>\n<meta property=\"og:image\" content=\"https:\/\/www.blue-aqua-sports.de\/wp-content\/uploads\/2025\/02\/FKS030L72098-Sound-Stopper-1.jpg\" \/>\n\t<meta property=\"og:image:width\" content=\"600\" \/>\n\t<meta property=\"og:image:height\" content=\"600\" \/>\n\t<meta property=\"og:image:type\" content=\"image\/jpeg\" \/>\n<meta name=\"twitter:card\" content=\"summary_large_image\" \/>\n<meta name=\"twitter:label1\" content=\"Gesch\u00e4tzte Lesezeit\" \/>\n\t<meta name=\"twitter:data1\" content=\"2\u00a0Minuten\" \/>\n<script type=\"application\/ld+json\" class=\"yoast-schema-graph\">{\"@context\":\"https:\/\/schema.org\",\"@graph\":[{\"@type\":\"WebPage\",\"@id\":\"https:\/\/www.blue-aqua-sports.de\/?product=funkita-sound-stopper-single-strap\",\"url\":\"https:\/\/www.blue-aqua-sports.de\/?product=funkita-sound-stopper-single-strap\",\"name\":\"Funkita\u00ae Sound Stopper Single Strap | blue-aqua-sports\",\"isPartOf\":{\"@id\":\"https:\/\/www.blue-aqua-sports.de\/#website\"},\"datePublished\":\"2025-02-14T19:41:39+00:00\",\"dateModified\":\"2026-03-12T16:36:52+00:00\",\"description\":\"Stets auf der richtigen Frequenz zu sein, hat definitiv Vorteile. Das garantiert dir der Funkita\u00ae Sound Stopper Single Strap. Ganz bestimmt mit seinen sommerlichen Farben.\",\"breadcrumb\":{\"@id\":\"https:\/\/www.blue-aqua-sports.de\/?product=funkita-sound-stopper-single-strap#breadcrumb\"},\"inLanguage\":\"de\",\"potentialAction\":[{\"@type\":\"ReadAction\",\"target\":[\"https:\/\/www.blue-aqua-sports.de\/?product=funkita-sound-stopper-single-strap\"]}]},{\"@type\":\"BreadcrumbList\",\"@id\":\"https:\/\/www.blue-aqua-sports.de\/?product=funkita-sound-stopper-single-strap#breadcrumb\",\"itemListElement\":[{\"@type\":\"ListItem\",\"position\":1,\"name\":\"Startseite\",\"item\":\"https:\/\/www.blue-aqua-sports.de\/\"},{\"@type\":\"ListItem\",\"position\":2,\"name\":\"Shop\",\"item\":\"https:\/\/www.blue-aqua-sports.de\/?page_id=11813\"},{\"@type\":\"ListItem\",\"position\":3,\"name\":\"Funkita\u00ae Sound Stopper Single Strap\"}]},{\"@type\":\"WebSite\",\"@id\":\"https:\/\/www.blue-aqua-sports.de\/#website\",\"url\":\"https:\/\/www.blue-aqua-sports.de\/\",\"name\":\"blue-aqua-sports\",\"description\":\"Top-Produkte f\u00fcr den Schwimmsport\",\"potentialAction\":[{\"@type\":\"SearchAction\",\"target\":{\"@type\":\"EntryPoint\",\"urlTemplate\":\"https:\/\/www.blue-aqua-sports.de\/?s={search_term_string}\"},\"query-input\":\"required name=search_term_string\"}],\"inLanguage\":\"de\"}]}<\/script>\n<!-- \/ Yoast SEO plugin. -->","yoast_head_json":{"title":"Funkita\u00ae Sound Stopper Single Strap | blue-aqua-sports","description":"Stets auf der richtigen Frequenz zu sein, hat definitiv Vorteile. Das garantiert dir der Funkita\u00ae Sound Stopper Single Strap. Ganz bestimmt mit seinen sommerlichen Farben.","robots":{"index":"index","follow":"follow","max-snippet":"max-snippet:-1","max-image-preview":"max-image-preview:large","max-video-preview":"max-video-preview:-1"},"canonical":"https:\/\/www.blue-aqua-sports.de\/?product=funkita-sound-stopper-single-strap","og_locale":"de_DE","og_type":"article","og_title":"Funkita\u00ae Sound Stopper Single Strap | blue-aqua-sports","og_description":"Stets auf der richtigen Frequenz zu sein, hat definitiv Vorteile. Das garantiert dir der Funkita\u00ae Sound Stopper Single Strap. Ganz bestimmt mit seinen sommerlichen Farben.","og_url":"https:\/\/www.blue-aqua-sports.de\/?product=funkita-sound-stopper-single-strap","og_site_name":"blue-aqua-sports","article_modified_time":"2026-03-12T16:36:52+00:00","og_image":[{"width":600,"height":600,"url":"https:\/\/www.blue-aqua-sports.de\/wp-content\/uploads\/2025\/02\/FKS030L72098-Sound-Stopper-1.jpg","type":"image\/jpeg"}],"twitter_card":"summary_large_image","twitter_misc":{"Gesch\u00e4tzte Lesezeit":"2\u00a0Minuten"},"schema":{"@context":"https:\/\/schema.org","@graph":[{"@type":"WebPage","@id":"https:\/\/www.blue-aqua-sports.de\/?product=funkita-sound-stopper-single-strap","url":"https:\/\/www.blue-aqua-sports.de\/?product=funkita-sound-stopper-single-strap","name":"Funkita\u00ae Sound Stopper Single Strap | blue-aqua-sports","isPartOf":{"@id":"https:\/\/www.blue-aqua-sports.de\/#website"},"datePublished":"2025-02-14T19:41:39+00:00","dateModified":"2026-03-12T16:36:52+00:00","description":"Stets auf der richtigen Frequenz zu sein, hat definitiv Vorteile. Das garantiert dir der Funkita\u00ae Sound Stopper Single Strap. Ganz bestimmt mit seinen sommerlichen Farben.","breadcrumb":{"@id":"https:\/\/www.blue-aqua-sports.de\/?product=funkita-sound-stopper-single-strap#breadcrumb"},"inLanguage":"de","potentialAction":[{"@type":"ReadAction","target":["https:\/\/www.blue-aqua-sports.de\/?product=funkita-sound-stopper-single-strap"]}]},{"@type":"BreadcrumbList","@id":"https:\/\/www.blue-aqua-sports.de\/?product=funkita-sound-stopper-single-strap#breadcrumb","itemListElement":[{"@type":"ListItem","position":1,"name":"Startseite","item":"https:\/\/www.blue-aqua-sports.de\/"},{"@type":"ListItem","position":2,"name":"Shop","item":"https:\/\/www.blue-aqua-sports.de\/?page_id=11813"},{"@type":"ListItem","position":3,"name":"Funkita\u00ae Sound Stopper Single Strap"}]},{"@type":"WebSite","@id":"https:\/\/www.blue-aqua-sports.de\/#website","url":"https:\/\/www.blue-aqua-sports.de\/","name":"blue-aqua-sports","description":"Top-Produkte f\u00fcr den Schwimmsport","potentialAction":[{"@type":"SearchAction","target":{"@type":"EntryPoint","urlTemplate":"https:\/\/www.blue-aqua-sports.de\/?s={search_term_string}"},"query-input":"required name=search_term_string"}],"inLanguage":"de"}]}},"_links":{"self":[{"href":"https:\/\/www.blue-aqua-sports.de\/index.php?rest_route=\/wp\/v2\/product\/44155"}],"collection":[{"href":"https:\/\/www.blue-aqua-sports.de\/index.php?rest_route=\/wp\/v2\/product"}],"about":[{"href":"https:\/\/www.blue-aqua-sports.de\/index.php?rest_route=\/wp\/v2\/types\/product"}],"wp:featuredmedia":[{"embeddable":true,"href":"https:\/\/www.blue-aqua-sports.de\/index.php?rest_route=\/wp\/v2\/media\/44160"}],"wp:attachment":[{"href":"https:\/\/www.blue-aqua-sports.de\/index.php?rest_route=%2Fwp%2Fv2%2Fmedia&parent=44155"}],"curies":[{"name":"wp","href":"https:\/\/api.w.org\/{rel}","templated":true}]}}